
{"id":1532,"date":"2020-01-13T15:32:06","date_gmt":"2020-01-13T15:32:06","guid":{"rendered":"http:\/\/194.68.59.100\/~niva\/?page_id=4"},"modified":"2023-05-03T15:52:44","modified_gmt":"2023-05-03T13:52:44","slug":"niva","status":"publish","type":"page","link":"https:\/\/nivaland.se\/en\/niva\/","title":{"rendered":"Niv\u00e5"},"content":{"rendered":"\r\n<section class=\"wrap narrow spacing u-reveal\">\r\n\t<p class=\"ingress\">Niv\u00e5 creates poetic, playful, and site-specific landscape architecture. We work within a design tradition that emphasizes spatial qualities and the importance of the local. <\/p>\r\n<\/section>\n\n<section class=\"section-text wrap wide spacing\">\r\n\t<div class=\"flex block-2-col flex-align-right\">\t\r\n\t\t<div class=\"text title fadein load-hidden\">\r\n\t\t\t\t\t<\/div>\r\n\t\t<div class=\"text textblock fadein load-hidden\">\r\n\t\t\t<p>In each project, we aspire to deepen the connection between analysis, concept, and material expression, creating contemporary landscape architecture that lasts. Our work is focused on public spaces at a range of scales, operating across the design of parks, gardens, squares, site studies, and landscape analyses. Niv\u00e5 has extensive experience in design, investigation, and construction within landscape architecture. The practice was founded in February 2000 by landscape architects Jonas Berglund, \u00c5sa Drougge, and G\u00f6ran Lindberg. From 2019, the initial partner group was expanded to include new partners Helena Emrani, \u00c5sa Johansson, and Stina Hellqvist. Together with our staff, we are committed to develop the field of landscape architecture in line with the practice\u2019s philosophy.<\/p>\n\t\t\t\t\t\t\t<h4 class=\"startSlides\">Slideshow<\/h4>\r\n\t\t\t\t<p id=\"startSlides\" class=\"pointer\">See pictures<\/p>\t\t<\/div>\t\r\n\t<\/div>\r\n<\/section>\n\n<section class=\"section-bild-text wrap wide spacing\">\r\n\t<div class=\"flex block-1-col text-align-right\">\t\r\n\t\t<div class=\"img-block u-reveal\" style=\"width:80%;\">\r\n\t\t\t\t\t\t<img decoding=\"async\" class=\"js-objectFit\" src=\"https:\/\/nivaland.se\/en\/wp-content\/uploads\/sites\/2\/2020\/02\/nivae-home-page-shots-26_rhayes-scaled-1-300x225.jpg\" srcset=\"https:\/\/nivaland.se\/en\/wp-content\/uploads\/sites\/2\/2020\/02\/nivae-home-page-shots-26_rhayes-scaled-1-300x225.jpg 300w, https:\/\/nivaland.se\/en\/wp-content\/uploads\/sites\/2\/2020\/02\/nivae-home-page-shots-26_rhayes-scaled-1-1024x767.jpg 1024w, https:\/\/nivaland.se\/en\/wp-content\/uploads\/sites\/2\/2020\/02\/nivae-home-page-shots-26_rhayes-scaled-1-768x575.jpg 768w, https:\/\/nivaland.se\/en\/wp-content\/uploads\/sites\/2\/2020\/02\/nivae-home-page-shots-26_rhayes-scaled-1-1536x1151.jpg 1536w, https:\/\/nivaland.se\/en\/wp-content\/uploads\/sites\/2\/2020\/02\/nivae-home-page-shots-26_rhayes-scaled-1-1000x749.jpg 1000w, https:\/\/nivaland.se\/en\/wp-content\/uploads\/sites\/2\/2020\/02\/nivae-home-page-shots-26_rhayes-scaled-1-2000x1498.jpg 2000w\" alt=\"\">\r\n\t\t\t\t\t<\/div>\r\n        <div \r\n            class=\"text content-text u-reveal spacing-top\" \r\n                    >\r\n\t\t\t<h4>\nThorough analysis in each project<\/h4>\n<p>All of Niv\u00e5\u2019s projects are based upon thorough analyses. Investigative and analytic work thereby constitute a vital part of our practice, acting as the basis for the design processes, and \u2014as is the case with landscape and cultural heritage analyses\u2014as an outcome in itself.<\/p>\n<h4>Site-specific and local, from idea to reality<\/h4>\n<p>We create landscape architecture that is rooted in the local context and its conditions. We believe the connection between proposal, place and context should be present in the experience of the finished space. In the translations from idea to sketch to design drawing, both the analysis and the concept are incrementally developed. To retain hold of a motif throughout the course of developing a design, is something that we view as both a privilege and a responsibility.<\/p>\n<p>&nbsp;<\/p>\n\t\t<\/div>\r\n\t\r\n\t<\/div>\r\n<\/section>\r\n\n\n<section class=\"section-bild-text wrap wide spacing\">\r\n\t<div class=\"flex block-2-col text-align-left\">\t\r\n\t\t<div class=\"img-block u-reveal\" >\r\n\t\t\t\t\t\t<img decoding=\"async\" class=\"js-objectFit\" src=\"https:\/\/nivaland.se\/en\/wp-content\/uploads\/sites\/2\/2020\/02\/hammarbyg_park5-scaled-300x200.jpg\" srcset=\"https:\/\/nivaland.se\/en\/wp-content\/uploads\/sites\/2\/2020\/02\/hammarbyg_park5-scaled-300x200.jpg 300w, https:\/\/nivaland.se\/en\/wp-content\/uploads\/sites\/2\/2020\/02\/hammarbyg_park5-scaled-1024x683.jpg 1024w, https:\/\/nivaland.se\/en\/wp-content\/uploads\/sites\/2\/2020\/02\/hammarbyg_park5-scaled-768x512.jpg 768w, https:\/\/nivaland.se\/en\/wp-content\/uploads\/sites\/2\/2020\/02\/hammarbyg_park5-scaled-1536x1024.jpg 1536w, https:\/\/nivaland.se\/en\/wp-content\/uploads\/sites\/2\/2020\/02\/hammarbyg_park5-scaled-1000x667.jpg 1000w, https:\/\/nivaland.se\/en\/wp-content\/uploads\/sites\/2\/2020\/02\/hammarbyg_park5-scaled-2000x1334.jpg 2000w\" alt=\"\">\r\n\t\t\t\t\t<\/div>\r\n        <div \r\n            class=\"text content-text u-reveal\" \r\n                    >\r\n\t\t\t<h4>Spatial traditions in a changing landscape<\/h4>\n<p>We seek to contribute legibility and spatiality to a landscape in constant change over time. Our work addresses the creation of space and the act of framing spaces, whether in the form of intimate courtyards, urban spaces or expansive landscapes. The experience of a city\u2019s rhythmic and sequential qualities are forged by its structural characteristics. The sequence of spaces that, for instance, are formed by vegetation, topography, or built elements in a park are thus seen as fundamental to our work as landscape architects.<\/p>\n<h4>Poetic and playful elements in everyday environments<\/h4>\n<p>Poetry and playfulness add extra dimensions to the spaces that we create. In our work, we seek to draw on the existing character and atmosphere of a place, and to stimulate the formation of new experiences and new memories. The playful and the unexpected constitute elements that can move us beyond our rational reality. It could be the advent of something small happening on the way home, something that sparks thoughts and feelings, or something that encourages one to linger. In the everyday environments that we work with, such moments can be highly meaningful.<\/p>\n\t\t<\/div>\r\n\t\r\n\t<\/div>\r\n<\/section>\r\n\n\n<section class=\"section-bild-text wrap wide spacing\">\r\n\t<div class=\"flex block-2-col text-align-right\">\t\r\n\t\t<div class=\"img-block u-reveal\" >\r\n\t\t\t\t\t\t<img decoding=\"async\" class=\"js-objectFit\" src=\"https:\/\/nivaland.se\/en\/wp-content\/uploads\/sites\/2\/2020\/02\/nivae-home-page-shots-31_rhayes-scaled-1-300x223.jpg\" srcset=\"https:\/\/nivaland.se\/en\/wp-content\/uploads\/sites\/2\/2020\/02\/nivae-home-page-shots-31_rhayes-scaled-1-300x223.jpg 300w, https:\/\/nivaland.se\/en\/wp-content\/uploads\/sites\/2\/2020\/02\/nivae-home-page-shots-31_rhayes-scaled-1-1024x762.jpg 1024w, https:\/\/nivaland.se\/en\/wp-content\/uploads\/sites\/2\/2020\/02\/nivae-home-page-shots-31_rhayes-scaled-1-768x571.jpg 768w, https:\/\/nivaland.se\/en\/wp-content\/uploads\/sites\/2\/2020\/02\/nivae-home-page-shots-31_rhayes-scaled-1-1536x1142.jpg 1536w, https:\/\/nivaland.se\/en\/wp-content\/uploads\/sites\/2\/2020\/02\/nivae-home-page-shots-31_rhayes-scaled-1-1000x744.jpg 1000w, https:\/\/nivaland.se\/en\/wp-content\/uploads\/sites\/2\/2020\/02\/nivae-home-page-shots-31_rhayes-scaled-1-2000x1488.jpg 2000w\" alt=\"\">\r\n\t\t\t\t\t<\/div>\r\n        <div \r\n            class=\"text content-text u-reveal\" \r\n                    >\r\n\t\t\t<h4>Historical sensitivity and a sense for the contemporary moment<\/h4>\n<p>For us, sustainability demands both durability over time and a sense of stewardship over the unique history of a particular place. Our projects often involve the development of an existing site in line with the demands of the present. The environmental challenges that we face today necessitate new functions in urban public spaces in order to handle a changing climate, and to fulfill goals of ecological sustainability. The participation of users through dialogue and collaboration constitutes a precondition for succeeding in the creation of socially sustainable landscape architecture.<\/p>\n<h4>Technical know-how and careful design<\/h4>\n<p>Niv\u00e5 brings together experience, technical know-how and design skills, a combination which has resulted in many built projects. To ensure successful outcomes, we collaborate closely with our clients and other actors, often taking on a coordinating role, which stimulates engagement and insight through the whole process.<\/p>\n\t\t<\/div>\r\n\t\r\n\t<\/div>\r\n<\/section>\r\n\n\n<section class=\"section-bild-text wrap wide spacing\">\r\n\t<div class=\"flex block-2-col text-align-left\">\t\r\n\t\t<div class=\"img-block u-reveal\" style=\"width:65%;\">\r\n\t\t\t\t\t\t<img decoding=\"async\" class=\"js-objectFit\" src=\"https:\/\/nivaland.se\/en\/wp-content\/uploads\/sites\/2\/2020\/02\/niva-berghus-4-23-1-300x214.jpg\" srcset=\"https:\/\/nivaland.se\/en\/wp-content\/uploads\/sites\/2\/2020\/02\/niva-berghus-4-23-1-300x214.jpg 300w, https:\/\/nivaland.se\/en\/wp-content\/uploads\/sites\/2\/2020\/02\/niva-berghus-4-23-1-1024x729.jpg 1024w, https:\/\/nivaland.se\/en\/wp-content\/uploads\/sites\/2\/2020\/02\/niva-berghus-4-23-1-768x547.jpg 768w, https:\/\/nivaland.se\/en\/wp-content\/uploads\/sites\/2\/2020\/02\/niva-berghus-4-23-1-1536x1093.jpg 1536w, https:\/\/nivaland.se\/en\/wp-content\/uploads\/sites\/2\/2020\/02\/niva-berghus-4-23-1-1000x712.jpg 1000w, https:\/\/nivaland.se\/en\/wp-content\/uploads\/sites\/2\/2020\/02\/niva-berghus-4-23-1.jpg 1967w\" alt=\"\">\r\n\t\t\t\t\t<\/div>\r\n        <div \r\n            class=\"text content-text u-reveal\" \r\n            style=\"width:calc(100% - 65%);\"        >\r\n\t\t\t<h4>An established and exploratory voice<\/h4>\n<p>One of the practice\u2019s ambition is to increase the understanding of the importance of public spaces and their physical qualities. This involves establishing a position within the present public discourse on landscape architecture. Through our engagements as lecturers and course leaders within the field of art and architecture, we have been able to explore and develop the discipline of landscape architecture, taking it in new directions.<\/p>\n\t\t<\/div>\r\n\t\r\n\t<\/div>\r\n<\/section>\r\n","protected":false},"excerpt":{"rendered":"","protected":false},"author":1,"featured_media":2835,"parent":0,"menu_order":0,"comment_status":"closed","ping_status":"closed","template":"","meta":{"_acf_changed":false,"footnotes":""},"class_list":["post-1532","page","type-page","status-publish","has-post-thumbnail","hentry"],"better_featured_image":{"id":2835,"alt_text":"","caption":"","description":"","media_type":"image","media_details":{"width":2500,"height":1878,"file":"2023\/05\/gruppfoto_2500px.jpg","filesize":5636441,"sizes":{"medium":{"file":"gruppfoto_2500px-300x225.jpg","width":300,"height":225,"mime-type":"image\/jpeg","filesize":41912,"source_url":"https:\/\/nivaland.se\/en\/wp-content\/uploads\/sites\/2\/2023\/05\/gruppfoto_2500px-300x225.jpg"},"large":{"file":"gruppfoto_2500px-1024x769.jpg","width":1024,"height":769,"mime-type":"image\/jpeg","filesize":295653,"source_url":"https:\/\/nivaland.se\/en\/wp-content\/uploads\/sites\/2\/2023\/05\/gruppfoto_2500px-1024x769.jpg"},"thumbnail":{"file":"gruppfoto_2500px-150x150.jpg","width":150,"height":150,"mime-type":"image\/jpeg","filesize":25046,"source_url":"https:\/\/nivaland.se\/en\/wp-content\/uploads\/sites\/2\/2023\/05\/gruppfoto_2500px-150x150.jpg"},"medium_large":{"file":"gruppfoto_2500px-768x577.jpg","width":768,"height":577,"mime-type":"image\/jpeg","filesize":174784,"source_url":"https:\/\/nivaland.se\/en\/wp-content\/uploads\/sites\/2\/2023\/05\/gruppfoto_2500px-768x577.jpg"},"1536x1536":{"file":"gruppfoto_2500px-1536x1154.jpg","width":1536,"height":1154,"mime-type":"image\/jpeg","filesize":632523,"source_url":"https:\/\/nivaland.se\/en\/wp-content\/uploads\/sites\/2\/2023\/05\/gruppfoto_2500px-1536x1154.jpg"},"2048x2048":{"file":"gruppfoto_2500px-2048x1538.jpg","width":2048,"height":1538,"mime-type":"image\/jpeg","filesize":1071827,"source_url":"https:\/\/nivaland.se\/en\/wp-content\/uploads\/sites\/2\/2023\/05\/gruppfoto_2500px-2048x1538.jpg"},"top-image":{"file":"gruppfoto_2500px-1160x790.jpg","width":1160,"height":790,"mime-type":"image\/jpeg","filesize":335931,"cpt_last_cropping_data":{"x":0,"y":175,"x2":2498,"y2":1878,"original_width":2500,"original_height":1878},"source_url":"https:\/\/nivaland.se\/en\/wp-content\/uploads\/sites\/2\/2023\/05\/gruppfoto_2500px-1160x790.jpg"},"top-image_2x":{"file":"gruppfoto_2500px-2320x1580.jpg","width":2320,"height":1580,"mime-type":"image\/jpeg","filesize":1197329,"cpt_last_cropping_data":{"x":0,"y":87,"x2":2500,"y2":1791,"original_width":2500,"original_height":1878},"source_url":"https:\/\/nivaland.se\/en\/wp-content\/uploads\/sites\/2\/2023\/05\/gruppfoto_2500px-2320x1580.jpg"},"large-nocrop":{"file":"gruppfoto_2500px-1000x751.jpg","width":1000,"height":751,"mime-type":"image\/jpeg","filesize":281156,"source_url":"https:\/\/nivaland.se\/en\/wp-content\/uploads\/sites\/2\/2023\/05\/gruppfoto_2500px-1000x751.jpg"},"large-nocrop_2x":{"file":"gruppfoto_2500px-2000x1502.jpg","width":2000,"height":1502,"mime-type":"image\/jpeg","filesize":1021803,"source_url":"https:\/\/nivaland.se\/en\/wp-content\/uploads\/sites\/2\/2023\/05\/gruppfoto_2500px-2000x1502.jpg"},"block":{"file":"gruppfoto_2500px-540x330.jpg","width":540,"height":330,"mime-type":"image\/jpeg","filesize":81619,"source_url":"https:\/\/nivaland.se\/en\/wp-content\/uploads\/sites\/2\/2023\/05\/gruppfoto_2500px-540x330.jpg"},"block_2x":{"file":"gruppfoto_2500px-1080x660.jpg","width":1080,"height":660,"mime-type":"image\/jpeg","filesize":263351,"source_url":"https:\/\/nivaland.se\/en\/wp-content\/uploads\/sites\/2\/2023\/05\/gruppfoto_2500px-1080x660.jpg"},"square":{"file":"gruppfoto_2500px-400x400.jpg","width":400,"height":400,"mime-type":"image\/jpeg","filesize":73780,"source_url":"https:\/\/nivaland.se\/en\/wp-content\/uploads\/sites\/2\/2023\/05\/gruppfoto_2500px-400x400.jpg"},"square_2x":{"file":"gruppfoto_2500px-800x800.jpg","width":800,"height":800,"mime-type":"image\/jpeg","filesize":240125,"source_url":"https:\/\/nivaland.se\/en\/wp-content\/uploads\/sites\/2\/2023\/05\/gruppfoto_2500px-800x800.jpg"}},"image_meta":{"aperture":"5.6","credit":"","camera":"GFX 50R","caption":"","created_timestamp":"1666180456","copyright":"","focal_length":"50","iso":"125","shutter_speed":"0.004","title":"","orientation":"1","keywords":[]}},"post":1532,"source_url":"https:\/\/nivaland.se\/en\/wp-content\/uploads\/sites\/2\/2023\/05\/gruppfoto_2500px.jpg"},"acf":[],"yoast_head":"<!-- This site is optimized with the Yoast SEO plugin v27.2 - https:\/\/yoast.com\/product\/yoast-seo-wordpress\/ -->\n<title>Niv\u00e5 - EN Niv\u00e5 Landskapsarkitektur<\/title>\n<meta name=\"robots\" content=\"index, follow, max-snippet:-1, max-image-preview:large, max-video-preview:-1\" \/>\n<link rel=\"canonical\" href=\"http:\/\/nivaland.se\/en\/niva\/\" \/>\n<meta property=\"og:locale\" content=\"en_US\" \/>\n<meta property=\"og:type\" content=\"article\" \/>\n<meta property=\"og:title\" content=\"Niv\u00e5 - EN Niv\u00e5 Landskapsarkitektur\" \/>\n<meta property=\"og:url\" content=\"http:\/\/nivaland.se\/en\/niva\/\" \/>\n<meta property=\"og:site_name\" content=\"EN Niv\u00e5 Landskapsarkitektur\" \/>\n<meta property=\"article:modified_time\" content=\"2023-05-03T13:52:44+00:00\" \/>\n<meta property=\"og:image\" content=\"http:\/\/nivaland.se\/en\/wp-content\/uploads\/sites\/2\/2023\/05\/gruppfoto_2500px-1024x769.jpg\" \/>\n\t<meta property=\"og:image:width\" content=\"1024\" \/>\n\t<meta property=\"og:image:height\" content=\"769\" \/>\n\t<meta property=\"og:image:type\" content=\"image\/jpeg\" \/>\n<meta name=\"twitter:card\" content=\"summary_large_image\" \/>\n<script type=\"application\/ld+json\" class=\"yoast-schema-graph\">{\"@context\":\"https:\/\/schema.org\",\"@graph\":[{\"@type\":\"WebPage\",\"@id\":\"http:\/\/nivaland.se\/en\/niva\/\",\"url\":\"http:\/\/nivaland.se\/en\/niva\/\",\"name\":\"Niv\u00e5 - EN Niv\u00e5 Landskapsarkitektur\",\"isPartOf\":{\"@id\":\"http:\/\/nivaland.se\/en\/#website\"},\"primaryImageOfPage\":{\"@id\":\"http:\/\/nivaland.se\/en\/niva\/#primaryimage\"},\"image\":{\"@id\":\"http:\/\/nivaland.se\/en\/niva\/#primaryimage\"},\"thumbnailUrl\":\"https:\/\/nivaland.se\/en\/wp-content\/uploads\/sites\/2\/2023\/05\/gruppfoto_2500px.jpg\",\"datePublished\":\"2020-01-13T15:32:06+00:00\",\"dateModified\":\"2023-05-03T13:52:44+00:00\",\"breadcrumb\":{\"@id\":\"http:\/\/nivaland.se\/en\/niva\/#breadcrumb\"},\"inLanguage\":\"en-US\",\"potentialAction\":[{\"@type\":\"ReadAction\",\"target\":[\"http:\/\/nivaland.se\/en\/niva\/\"]}]},{\"@type\":\"ImageObject\",\"inLanguage\":\"en-US\",\"@id\":\"http:\/\/nivaland.se\/en\/niva\/#primaryimage\",\"url\":\"https:\/\/nivaland.se\/en\/wp-content\/uploads\/sites\/2\/2023\/05\/gruppfoto_2500px.jpg\",\"contentUrl\":\"https:\/\/nivaland.se\/en\/wp-content\/uploads\/sites\/2\/2023\/05\/gruppfoto_2500px.jpg\",\"width\":2500,\"height\":1878},{\"@type\":\"BreadcrumbList\",\"@id\":\"http:\/\/nivaland.se\/en\/niva\/#breadcrumb\",\"itemListElement\":[{\"@type\":\"ListItem\",\"position\":1,\"name\":\"Hem\",\"item\":\"http:\/\/nivaland.se\/en\/\"},{\"@type\":\"ListItem\",\"position\":2,\"name\":\"Niv\u00e5\"}]},{\"@type\":\"WebSite\",\"@id\":\"http:\/\/nivaland.se\/en\/#website\",\"url\":\"http:\/\/nivaland.se\/en\/\",\"name\":\"EN Niv\u00e5 Landskapsarkitektur\",\"description\":\"En till Niv\u00e5 Landskapsarkitektur-webbplatser webbplats\",\"potentialAction\":[{\"@type\":\"SearchAction\",\"target\":{\"@type\":\"EntryPoint\",\"urlTemplate\":\"http:\/\/nivaland.se\/en\/?s={search_term_string}\"},\"query-input\":{\"@type\":\"PropertyValueSpecification\",\"valueRequired\":true,\"valueName\":\"search_term_string\"}}],\"inLanguage\":\"en-US\"}]}<\/script>\n<!-- \/ Yoast SEO plugin. -->","yoast_head_json":{"title":"Niv\u00e5 - EN Niv\u00e5 Landskapsarkitektur","robots":{"index":"index","follow":"follow","max-snippet":"max-snippet:-1","max-image-preview":"max-image-preview:large","max-video-preview":"max-video-preview:-1"},"canonical":"http:\/\/nivaland.se\/en\/niva\/","og_locale":"en_US","og_type":"article","og_title":"Niv\u00e5 - EN Niv\u00e5 Landskapsarkitektur","og_url":"http:\/\/nivaland.se\/en\/niva\/","og_site_name":"EN Niv\u00e5 Landskapsarkitektur","article_modified_time":"2023-05-03T13:52:44+00:00","og_image":[{"width":1024,"height":769,"url":"http:\/\/nivaland.se\/en\/wp-content\/uploads\/sites\/2\/2023\/05\/gruppfoto_2500px-1024x769.jpg","type":"image\/jpeg"}],"twitter_card":"summary_large_image","schema":{"@context":"https:\/\/schema.org","@graph":[{"@type":"WebPage","@id":"http:\/\/nivaland.se\/en\/niva\/","url":"http:\/\/nivaland.se\/en\/niva\/","name":"Niv\u00e5 - EN Niv\u00e5 Landskapsarkitektur","isPartOf":{"@id":"http:\/\/nivaland.se\/en\/#website"},"primaryImageOfPage":{"@id":"http:\/\/nivaland.se\/en\/niva\/#primaryimage"},"image":{"@id":"http:\/\/nivaland.se\/en\/niva\/#primaryimage"},"thumbnailUrl":"https:\/\/nivaland.se\/en\/wp-content\/uploads\/sites\/2\/2023\/05\/gruppfoto_2500px.jpg","datePublished":"2020-01-13T15:32:06+00:00","dateModified":"2023-05-03T13:52:44+00:00","breadcrumb":{"@id":"http:\/\/nivaland.se\/en\/niva\/#breadcrumb"},"inLanguage":"en-US","potentialAction":[{"@type":"ReadAction","target":["http:\/\/nivaland.se\/en\/niva\/"]}]},{"@type":"ImageObject","inLanguage":"en-US","@id":"http:\/\/nivaland.se\/en\/niva\/#primaryimage","url":"https:\/\/nivaland.se\/en\/wp-content\/uploads\/sites\/2\/2023\/05\/gruppfoto_2500px.jpg","contentUrl":"https:\/\/nivaland.se\/en\/wp-content\/uploads\/sites\/2\/2023\/05\/gruppfoto_2500px.jpg","width":2500,"height":1878},{"@type":"BreadcrumbList","@id":"http:\/\/nivaland.se\/en\/niva\/#breadcrumb","itemListElement":[{"@type":"ListItem","position":1,"name":"Hem","item":"http:\/\/nivaland.se\/en\/"},{"@type":"ListItem","position":2,"name":"Niv\u00e5"}]},{"@type":"WebSite","@id":"http:\/\/nivaland.se\/en\/#website","url":"http:\/\/nivaland.se\/en\/","name":"EN Niv\u00e5 Landskapsarkitektur","description":"En till Niv\u00e5 Landskapsarkitektur-webbplatser webbplats","potentialAction":[{"@type":"SearchAction","target":{"@type":"EntryPoint","urlTemplate":"http:\/\/nivaland.se\/en\/?s={search_term_string}"},"query-input":{"@type":"PropertyValueSpecification","valueRequired":true,"valueName":"search_term_string"}}],"inLanguage":"en-US"}]}},"_links":{"self":[{"href":"https:\/\/nivaland.se\/en\/wp-json\/wp\/v2\/pages\/1532","targetHints":{"allow":["GET"]}}],"collection":[{"href":"https:\/\/nivaland.se\/en\/wp-json\/wp\/v2\/pages"}],"about":[{"href":"https:\/\/nivaland.se\/en\/wp-json\/wp\/v2\/types\/page"}],"author":[{"embeddable":true,"href":"https:\/\/nivaland.se\/en\/wp-json\/wp\/v2\/users\/1"}],"replies":[{"embeddable":true,"href":"https:\/\/nivaland.se\/en\/wp-json\/wp\/v2\/comments?post=1532"}],"version-history":[{"count":11,"href":"https:\/\/nivaland.se\/en\/wp-json\/wp\/v2\/pages\/1532\/revisions"}],"predecessor-version":[{"id":2836,"href":"https:\/\/nivaland.se\/en\/wp-json\/wp\/v2\/pages\/1532\/revisions\/2836"}],"wp:featuredmedia":[{"embeddable":true,"href":"https:\/\/nivaland.se\/en\/wp-json\/wp\/v2\/media\/2835"}],"wp:attachment":[{"href":"https:\/\/nivaland.se\/en\/wp-json\/wp\/v2\/media?parent=1532"}],"curies":[{"name":"wp","href":"https:\/\/api.w.org\/{rel}","templated":true}]}}